{"id":87,"date":"2017-07-19T22:59:42","date_gmt":"2017-07-19T10:59:42","guid":{"rendered":"https:\/\/worldsways.org\/website\/?page_id=87"},"modified":"2018-01-17T14:26:52","modified_gmt":"2018-01-17T02:26:52","slug":"mentions-legales","status":"publish","type":"page","link":"https:\/\/worldsways.org\/website\/mentions-legales\/","title":{"rendered":"Mentions l\u00e9gales"},"content":{"rendered":"<h2>Responsable de l&#8217;\u00e9dition et de la publication<\/h2>\n<p>Nicolas PIQUEMAL est l&#8217;auteur unique, l&#8217;administrateur, le responsable de l&#8217;\u00e9dition et de la publication du blog World&#8217;s Ways.<br \/>\nVoir la page de description de l&#8217;auteur <a href=\"https:\/\/worldsways.org\/website\/a-propos-de-lauteur\/\">ici<\/a>.<\/p>\n<h2>Raison sociale de l&#8217;h\u00e9bergeur<\/h2>\n<p>Ce blog est h\u00e9berg\u00e9 par o2switch.<br \/>\nSite Web : http:\/\/www.o2switch.fr\/support-hebergeur\/<\/p>\n<p>Adresse :<br \/>\n222 Boulevard Gustave Flaubert<br \/>\nF-63000 Clermont-Ferrand<br \/>\nFrance<\/p>\n<h2>Donn\u00e9es personnelles<\/h2>\n<p>Les informations recueillies pour les commentaires (identification et messages) sont enregistr\u00e9es dans un fichier informatique.<br \/>\nElles sont conserv\u00e9es tant que le blog existe.<br \/>\nLes informations demand\u00e9es ne servent qu\u2019\u00e0 la publication des commentaires et ne seront jamais diffus\u00e9es \u00e0 des tiers.<br \/>\nConform\u00e9ment \u00e0 la loi \u00ab informatique et libert\u00e9s \u00bb, vous pouvez exercer votre droit d&#8217;acc\u00e8s aux donn\u00e9es vous concernant et les faire rectifier en contactant l&#8217;administrateur du blog.<\/p>\n<h2>Propri\u00e9t\u00e9 intellectuelle<\/h2>\n<p>La composition globale, les textes, photos, films, images anim\u00e9es ou non, savoir-faire et tous les autres \u00e9l\u00e9ments composant ce site sont la propri\u00e9t\u00e9 exclusive de World&#8217;s Ways (https:\/\/worldsways.org\/website), sauf mention explicite contraire (contenus appartenant \u00e0 d&#8217;autres auteurs explicitement d\u00e9crits).<\/p>\n<p>Les logos et marques des soci\u00e9t\u00e9s cit\u00e9es sur le blog World&#8217;s Ways (https:\/\/worldsways.org\/website) sont la propri\u00e9t\u00e9 exclusive de leurs auteurs respectifs. Toute repr\u00e9sentation, reproduction, et\/ou exploitation, qu\u2019elle(s) soi(en)t partielle(s) ou totale(s), des marques pr\u00e9cit\u00e9es est (sont) interdite(s), sauf accord \u00e9crit et pr\u00e9alable de leurs titulaires.<\/p>\n<h2>Droits d&#8217;auteur<\/h2>\n<h3>G\u00e9n\u00e9ralit\u00e9s<\/h3>\n<p>A l&#8217;exception des contenus graphiques (cf ci-apr\u00e8s), tout le contenu de ce site est soumis \u00e0 la licence Creative Commons 4.0 BY-NC-ND, r\u00e9sum\u00e9e <a href=\"https:\/\/creativecommons.org\/licenses\/by-nc-nd\/4.0\/deed.fr\">ici<\/a>, et en texte int\u00e9gral <a href=\"https:\/\/creativecommons.org\/licenses\/by-nc-nd\/4.0\/legalcode.fr\">l\u00e0<\/a>.<br \/>\n<img decoding=\"async\" src=\"https:\/\/i.creativecommons.org\/l\/by-nc-nd\/3.0\/88x31.png\" alt=\"image\" \/><\/p>\n<p>Dans le cas o\u00f9 vous souhaiteriez utiliser des informations, textes, vid\u00e9os, savoir-faire de ce blog pour modification ou utilisation commerciale, merci d&#8217;envoyer un courriel \u00e0 l&#8217;auteur de World&#8217;s Ways en formulant votre demande (type de contenu cibl\u00e9, objet de votre utilisation, canal de diffusion). L&#8217;auteur se r\u00e9serve le droit de refuser votre demande sans justification.<\/p>\n<p>L\u2019\u00e9laboration de liens hypertextes profonds vers le blog World&#8217;s Ways est interdite sans l\u2019accord expr\u00e8s et pr\u00e9alable de l&#8217;administrateur du blog.<\/p>\n<p>Par ailleurs, l\u2019utilisation des informations contenues sur le pr\u00e9sent blog rel\u00e8ve de la seule responsabilit\u00e9 de l\u2019utilisateur. L&#8217;administrateur du blog ne pourra en aucun cas, et pour quelque cause que ce soit, en \u00eatre tenu pour responsable, et ce, quelqu&#8217;en soient les cons\u00e9quences. L&#8217;administrateur du blog n&#8217;est responsable d\u2019aucune erreur ou omission sur le pr\u00e9sent site.<\/p>\n<h3>Contenus graphiques<\/h3>\n<p>Les cr\u00e9dits et copyright des visuels, images, photos, anim\u00e9s et films pr\u00e9sents sur le blog World&#8217;s Ways (https:\/\/worldsways.org\/website) sont signal\u00e9s dans les metadonn\u00e9es de fichiers et\/ou explicitement dans les articles.<\/p>\n<p>A d\u00e9faut, toutes les photos et images sont la propri\u00e9t\u00e9 intellectuelle de Nicolas Piquemal, et sous licence Creative Commons 4.0 BY-SA dont le r\u00e9sum\u00e9 est disponible <a href=\"https:\/\/creativecommons.org\/licenses\/by-sa\/4.0\/deed.fr\">ici<\/a> et la totalit\u00e9 <a href=\"https:\/\/creativecommons.org\/licenses\/by-sa\/4.0\/legalcode.fr\">l\u00e0<\/a>.<br \/>\n<img decoding=\"async\" src=\"https:\/\/i.creativecommons.org\/l\/by-sa\/3.0\/88x31.png\" alt=\"image\" \/><\/p>\n<p>A d\u00e9faut, toutes les vid\u00e9os sont la propri\u00e9t\u00e9 intellectuelle de Nicolas Piquemal, et sous licence Creative Commons 4.0 BY-NC-ND dont le r\u00e9sum\u00e9 est disponible <a href=\"https:\/\/creativecommons.org\/licenses\/by-nc-nd\/4.0\/deed.fr\">ici<\/a> et la totalit\u00e9 <a href=\"https:\/\/creativecommons.org\/licenses\/by-nc-nd\/4.0\/legalcode.fr\">l\u00e0<\/a>.<br \/>\n<img decoding=\"async\" src=\"https:\/\/i.creativecommons.org\/l\/by-nc-nd\/3.0\/88x31.png\" alt=\"image\" \/><\/p>\n<h2>Avertissement g\u00e9n\u00e9ral<\/h2>\n<p>La consultation du blog World&#8217;s Ways (https:\/\/worldsways.org\/website) est propos\u00e9e aux internautes \u00e0 titre gratuit et sans aucune garantie de la part de son \u00e9diteur.<\/p>\n<p>Les informations disponibles sur le blog World&#8217;s Ways (https:\/\/worldsways.org\/website) qui proviennent de sources ext\u00e9rieures ne saurait garantir qu\u2019elles sont exemptes d\u2019erreurs, ni garantir leur compl\u00e9tude, leur actualit\u00e9, leur exhaustivit\u00e9 ou autre.<br \/>\nEn cons\u00e9quence, il appartient \u00e0 l\u2019internaute d\u2019utiliser les informations figurant sur le site Internet \u00e0 ses risques et de proc\u00e9der \u00e0 toute v\u00e9rification sous sa responsabilit\u00e9 exclusive.<br \/>\nWorld&#8217;s Ways (https:\/\/worldsways.org\/website) ne serait \u00eatre tenu responsable de l\u2019interpr\u00e9tation faite par les internautes, quelle qu\u2019elle soit, de tous les renseignements, informations et conseils propos\u00e9s sur son blog, et des cons\u00e9quences pouvant en d\u00e9couler.<\/p>\n<p>Les propri\u00e9taires des sites marchands, de service, sites persos, sites informatiques (etc.) consult\u00e9s \u00e0 partir du blog World&#8217;s Ways (https:\/\/worldsways.org\/website) sont seuls responsables du respect par eux de l\u2019ensemble des r\u00e9glementations s\u2019appliquant dans le cadre des prestations offertes aux clients finaux, et notamment, des lois et r\u00e8glements relatifs \u00e0 :<br \/>\n\u2013 La vente \u00e0 distance,<br \/>\n\u2013 La protection du consommateur,<br \/>\n\u2013 La publicit\u00e9 mensong\u00e8re ou trompeuse,<br \/>\n\u2013 Les prix,<br \/>\n\u2013 La conformit\u00e9 des produits.<br \/>\n\u2013 Toutes les marques cit\u00e9es sont d\u00e9pos\u00e9es par leurs propri\u00e9taires respectifs.<\/p>\n<h2>Utilisation de cookies<\/h2>\n<p>World&#8217;s Ways (https:\/\/worldsways.org\/website) est propuls\u00e9 par WordPress et plusieurs plugins. Aussi, un ou plusieurs cookies peuvent s\u2019installer automatiquement sur le disque dur de votre ordinateur lors de votre visite sur World&#8217;s Ways (https:\/\/worldsways.org\/website).<br \/>\nVous avez la possibilit\u00e9 de supprimer les cookies install\u00e9s sur votre navigateur, \u00e0 l\u2019aide de la barre d\u2019outils de votre navigateur. Si vous d\u00e9cidez de supprimer les cookies relatifs au blog World&#8217;s Ways (https:\/\/worldsways.org\/website) durant sa navigation, l\u2019usage du blog, ainsi que les services qui y sont propos\u00e9s, pourront \u00eatre perturb\u00e9s, voire emp\u00each\u00e9s.<\/p>\n<h2>Remerciements<\/h2>\n<p>Merci \u00e0 ces articles de blog m&#8217;ayant permis de r\u00e9diger cette page :<\/p>\n<ul>\n<li><a href=\"https:\/\/www.cnil.fr\/fr\/modele\/mention\/formulaire-de-collecte-de-donnees-personnelles\">CNIL<\/a> pour les donn\u00e9es personnelles, la d\u00e9claration \u00e0 la CNIL n&#8217;\u00e9tant pas obligatoire pour un blog de particulier \u00e0 usage non professionnel ni commercial <a href=\"https:\/\/www.cnil.fr\/fr\/dispense\/di-006-sites-web-personnels-ou-blogs\">d&#8217;apr\u00e8s ce texte<\/a><\/li>\n<li><a href=\"https:\/\/www.notuxedo.com\/rediger-ses-mentions-legales-sur-un-blog\/\">NoTuxedo<\/a> et <a href=\"https:\/\/www.papa-blogueur.fr\/les-mentions-obligatoires-devant-figurer-blog\">Papa Bloggeur<\/a> pour les exemples de contenu<\/li>\n<li>Le Hollandais Volant, pour son <a href=\"https:\/\/lehollandaisvolant.net\/tuto\/legal\/\">d\u00e9corticage pr\u00e9cis<\/a> des informations l\u00e9gales<\/li>\n<\/ul>\n","protected":false},"excerpt":{"rendered":"<p>Responsable de l&#8217;\u00e9dition et de la publication Nicolas PIQUEMAL est l&#8217;auteur unique, l&#8217;administrateur, le responsable de l&#8217;\u00e9dition et de la publication du blog World&#8217;s Ways. Voir la page de description de l&#8217;auteur ici. Raison sociale de l&#8217;h\u00e9bergeur Ce blog est <a class=\"more-link\" href=\"https:\/\/worldsways.org\/website\/mentions-legales\/\">(Poursuivre)<\/a><\/p>\n","protected":false},"author":1,"featured_media":0,"parent":0,"menu_order":0,"comment_status":"closed","ping_status":"closed","template":"","meta":{"footnotes":""},"class_list":["post-87","page","type-page","status-publish","hentry"],"_links":{"self":[{"href":"https:\/\/worldsways.org\/website\/wp-json\/wp\/v2\/pages\/87","targetHints":{"allow":["GET"]}}],"collection":[{"href":"https:\/\/worldsways.org\/website\/wp-json\/wp\/v2\/pages"}],"about":[{"href":"https:\/\/worldsways.org\/website\/wp-json\/wp\/v2\/types\/page"}],"author":[{"embeddable":true,"href":"https:\/\/worldsways.org\/website\/wp-json\/wp\/v2\/users\/1"}],"replies":[{"embeddable":true,"href":"https:\/\/worldsways.org\/website\/wp-json\/wp\/v2\/comments?post=87"}],"version-history":[{"count":6,"href":"https:\/\/worldsways.org\/website\/wp-json\/wp\/v2\/pages\/87\/revisions"}],"predecessor-version":[{"id":221,"href":"https:\/\/worldsways.org\/website\/wp-json\/wp\/v2\/pages\/87\/revisions\/221"}],"wp:attachment":[{"href":"https:\/\/worldsways.org\/website\/wp-json\/wp\/v2\/media?parent=87"}],"curies":[{"name":"wp","href":"https:\/\/api.w.org\/{rel}","templated":true}]}}