{"id":709,"date":"2018-03-25T00:00:42","date_gmt":"2018-03-24T12:00:42","guid":{"rendered":"https:\/\/worldsways.org\/website\/?page_id=709"},"modified":"2018-11-16T16:40:22","modified_gmt":"2018-11-16T08:40:22","slug":"indonesie","status":"publish","type":"page","link":"https:\/\/worldsways.org\/website\/indonesie\/","title":{"rendered":"Sept semaines en Indon\u00e9sie"},"content":{"rendered":"<p>Cet \u00e9norme pays est bien trop grand pour avoir le temps de le parcourir sans prendre l&#8217;avion, avec un visa touriste. Petit r\u00e9sum\u00e9 de ce passage \u00e0 Bali, Java et Born\u00e9o (Kalimantan).<\/p>\n<h2>Ubud et ses alentours<\/h2>\n<p><strong>Quatre jours<\/strong>  <em>(1er au 4 f\u00e9vrier, et 7 f\u00e9vrier)<\/em><\/p>\n<p>Capitale culturelle de l&#8217;\u00eele, et aussi touristique.<\/p>\n<ul>\n<li><strong><a href=\"https:\/\/worldsways.org\/website\/journal-de-voyage\/ubud\/\">Ubud<\/a><\/strong>, ses balades dans les rizi\u00e8res, sa <a href=\"https:\/\/worldsways.org\/website\/journal-de-voyage\/monkey-forest\/\">Monkey Forest<\/a>, ses bons restaurants, sa musique et danse traditionnelles<\/li>\n<li><strong><a href=\"https:\/\/worldsways.org\/website\/journal-de-voyage\/autour-d-ubud\/\">Les alentours d&#8217;Ubud<\/a><\/strong>, ses temples, rizi\u00e8res en terrasses<\/li>\n<\/ul>\n<h2>Lembongan<\/h2>\n<p><strong>Deux jours<\/strong> <em>(5 et 6 f\u00e9vrier)<\/em><\/p>\n<p>Situ\u00e9e \u00e0 l&#8217;Ouest de Bali, c\u00f4l\u00e9e \u00e0 Nusa Penida, cette \u00eele est fameuse pour ses fonds marins.<\/p>\n<ul>\n<li><strong><a href=\"https:\/\/worldsways.org\/website\/journal-de-voyage\/lembongan\/\">Lembongan<\/a><\/strong>, contraste entre installations touristique et vie locale traditionnelle<\/li>\n<li><strong><a href=\"https:\/\/worldsways.org\/website\/journal-de-voyage\/snorkeling-lembongan\/\">Snorkeling<\/a><\/strong> avec des raies mantas et coraux extraordinaires<\/li>\n<\/ul>\n<h2>Centre de Bali<\/h2>\n<p><strong>Une journ\u00e9e<\/strong> <em>(8 f\u00e9vrier)<\/em><\/p>\n<ul>\n<li><strong><a href=\"https:\/\/worldsways.org\/website\/journal-de-voyage\/bali-centre\/\">Road trip entre Ubud et Munduk<\/a><\/strong>, journ\u00e9e itin\u00e9rante \u00e0 la d\u00e9couverte du riche patrimoine du centre de l&#8217;\u00eele<\/li>\n<\/ul>\n<h2>Munduk<\/h2>\n<p><strong>Deux jours<\/strong> <em>(9 et 10 f\u00e9vrier)<\/em><\/p>\n<p>A la d\u00e9couverte du village recul\u00e9 de Munduk au climat particulier, coinc\u00e9 sur les hauteurs d&#8217;anciens volcans.<\/p>\n<ul>\n<li><strong><a href=\"https:\/\/worldsways.org\/website\/journal-de-voyage\/munduk\/\">Munduk<\/a><\/strong>, son ambiance et son climat montagnard, ses for\u00eats vertes fonc\u00e9es, sa tranquilit\u00e9<\/li>\n<li><strong><a href=\"https:\/\/worldsways.org\/website\/journal-de-voyage\/balades-munduk\/\">Balades de Munduk<\/a><\/strong> avec ses cascades sauvages et grandioses, et belles rizi\u00e8res valonn\u00e9es<\/li>\n<\/ul>\n<h2>Pemuteran<\/h2>\n<p><strong>Trois jours<\/strong> <em>(11 au 13 f\u00e9vrier)<\/em><\/p>\n<p>Relaxation et nage dans un festival de couleurs et de formes.<\/p>\n<ul>\n<li><strong><a href=\"https:\/\/worldsways.org\/website\/journal-de-voyage\/trajet-munduk-pemuteran\/\">Voyage sur la route Nord<\/a><\/strong> au pays du durian<\/li>\n<li><strong><a href=\"https:\/\/worldsways.org\/website\/journal-de-voyage\/pemuteran\/\">Pemuteran<\/a><\/strong>, h\u00e9sitante en p\u00eache traditionnelle et tourisme haut de gamme<\/li>\n<li><strong><a href=\"https:\/\/worldsways.org\/website\/journal-de-voyage\/snorkeling-menjangan\/\">Pulau Menjagan<\/a><\/strong>, parc national aux fonds marins exceptionnels<\/li>\n<\/ul>\n<h2>En transit entre Bali et Java<\/h2>\n<p><strong>Une demi-journ\u00e9e<\/strong> <em>(14 f\u00e9vrier)<\/em><\/p>\n<ul>\n<li><strong>Bus, ferry, voiture<\/strong> pour changer de culture<\/li>\n<\/ul>\n<h2>Volontariat super roots dans la jungle<\/h2>\n<p><strong>Petite semaine<\/strong> <em>(14 au 20 f\u00e9vrier)<\/em><\/p>\n<p>Exp\u00e9rience unique \u00e0 l&#8217;Ijen Shelter, cabanes et restaurant dans un bout de jungle sur les pentes du Mont Ijen.<\/p>\n<ul>\n<li><strong>Ijen Shelter<\/strong><\/li>\n<li><strong>Confection d&#8217;un Barong traditionnel<\/strong><\/li>\n<li><strong>Vie dans les environs<\/strong><\/li>\n<li><strong>Randonn\u00e9e au Mont Ijen<\/strong>, souffre et souffrance<\/li>\n<\/ul>\n<h2>Java en train et passage express \u00e0 Jakarta<\/h2>\n<p><strong>Deux jours<\/strong> <em>(20 au 22 f\u00e9vrier)<\/em><\/p>\n<p>Un passage oblig\u00e9 \u00e0 l&#8217;ambassade de France de Jakarta n\u00e9cessitant des heures et heures et heures de train \u00e0 travers tout Java.<\/p>\n<ul>\n<li><strong>De Banyuwangi \u00e0 Surabaya<\/strong><\/li>\n<li><strong>De Surabaya \u00e0 Jakarta<\/strong><\/li>\n<li><strong>Jakarta<\/strong>, ville aux contrastes amplifi\u00e9s<\/li>\n<li><strong>De Jakarta \u00e0 Yogyakarta<\/strong><\/li>\n<\/ul>\n<h2>Yogyakarta la vivante<\/h2>\n<p><strong>Une semaine<\/strong> <em>(23 f\u00e9vrier, puis 26 f\u00e9vrier au 3 mars)<\/em><\/p>\n<p>Capitale culturelle, pl\u00e9biscit\u00e9e par les touristes locaux et les \u00e9tudiants, vive Jogja !<\/p>\n<ul>\n<li><strong>Yogyakarta, Yogya ou Jogja ?<\/strong><\/li>\n<li><strong>Art traditionnel et march\u00e9s<\/strong><\/li>\n<li><strong>Temples, mus\u00e9es et monuments<\/strong><\/li>\n<li><strong>Balade \u00e0 v\u00e9lo<\/strong><\/li>\n<li><strong>Assent et Sano nos potes locaux<\/strong><\/li>\n<\/ul>\n<h2>Borobudur et environs<\/h2>\n<p><strong>Deux jours<\/strong> <em>(24 et 25 f\u00e9vrier)<\/em><\/p>\n<p>Etape oblig\u00e9e, ce temple bouddhiste est LE monument de Java. Ses environs sont tout aussi beaux.<\/p>\n<ul>\n<li><strong>Mototrip dans la campagne<\/strong><\/li>\n<li><strong>Borobudur au lever du soleil<\/strong><\/li>\n<li><strong>Sur les hauteurs de Mongkrong<\/strong><\/li>\n<\/ul>\n<h2>Massif du Tengger et Gunung Bromo<\/h2>\n<p><strong>Deux jours et demi<\/strong> <em>(4 au 6 mars)<\/em><\/p>\n<p>Apr\u00e8s Ijen et Borobudur, Bromo est la derni\u00e8re destination phare de Java. C&#8217;est parti pour <strong><a href=\"https:\/\/worldsways.org\/website\/journal-de-voyage\/randonnees-bromo\/\">l&#8217;aventure dans le parc national<\/a><\/strong><\/p>\n<ul>\n<li><strong>L&#8217;arriv\u00e9e : la force du collectif<\/strong><\/li>\n<li><strong>Cemoro Lawang<\/strong>, \u00e9quilibre pr\u00e9caire entre culture recul\u00e9e montagnarde et tourisme d\u00e9r\u00e9gul\u00e9 massif<\/li>\n<li><strong>Randonn\u00e9es dans le parc<\/strong><\/li>\n<li><strong>Le d\u00e9part : la force du collectif bis<\/strong><\/li>\n<\/ul>\n<h2>Surabaya, ville nouvelle<\/h2>\n<p><strong>Une journ\u00e9e<\/strong> <em>(7 mars)<\/em><\/p>\n<p>En attendant le ferry et pour passer la journ\u00e9e chez la police d\u00e9clarer un vol.<\/p>\n<ul>\n<li><strong>La police en Indon\u00e9sie<\/strong>, une ambiance bien diff\u00e9rente de la France !<\/li>\n<\/ul>\n<h2>Travers\u00e9e pour Born\u00e9o<\/h2>\n<p><strong>24 heures<\/strong> <em>(8 au 9 f\u00e9vrier)<\/em><\/p>\n<ul>\n<li><strong>Ferry de Java au Kalimantan<\/strong>, trajet tout en douceur<\/li>\n<\/ul>\n<h2>Banjarmasin la flottante in\u00e9gale<\/h2>\n<p><strong>Trois jours<\/strong> <em>(9 au 11 mars)<\/em><\/p>\n<p>Ville \u00e9tonnante o\u00f9 on ne s&#8217;est jamais sentis \u00e0 l&#8217;aise. Odeur, pauvret\u00e9, accueil mitig\u00e9&#8230;<\/p>\n<ul>\n<li><strong>Banjarmasin<\/strong><\/li>\n<li>Au fil de l&#8217;eau vers les <strong>march\u00e9s flottants et maisons sur pilotis<\/strong><\/li>\n<\/ul>\n<h2>En bus dans le Kalimantan<\/h2>\n<p><strong>18 heures<\/strong> <em>(12 mars)<\/em><\/p>\n<p>Routes et bus \u00e0 l&#8217;\u00e9tat in\u00e9gal rendent ce trajet bien long, en pleine Indon\u00e9sie traditionnelle<\/p>\n<ul>\n<li><strong>A travers le Sud du Kalimantan<\/strong><\/li>\n<\/ul>\n<h2>Pangkalan Bun et Kumai<\/h2>\n<p><strong>Deux jours<\/strong> <em>(13 et 17 mars)<\/em><\/p>\n<p>Villes \u00e9tape avant et apr\u00e8s le parc national des Orangs Outans.<\/p>\n<ul>\n<li><strong>Pangkalan Bun<\/strong>, bon restau et nuit chez l&#8217;habitant<\/li>\n<li><strong>Kumai<\/strong>, plus grand port du Sud de Born\u00e9o<\/li>\n<\/ul>\n<h2>Parc national de Tanjung Puting<\/h2>\n<p><strong>Trois jours<\/strong> <em>(14 au 16 mars)<\/em><\/p>\n<p>Destination phare des touristes \u00e0 Born\u00e9o, pour l&#8217;observation des Orangs Outans dans un des derniers endroits naturels prot\u00e9g\u00e9s<\/p>\n<ul>\n<li><strong>Croisi\u00e8re exceptionnelle<\/strong>, bain de nature pr\u00e9serv\u00e9e<\/li>\n<\/ul>\n<h2>Travers\u00e9e pour Java<\/h2>\n<p><strong>26 heures<\/strong> <em>(17 et 18 mars)<\/em><\/p>\n<p>R\u00e9sistances physique et psychologique mises \u00e0 rude \u00e9preuve pour cette travers\u00e9e.<\/p>\n<ul>\n<li><strong>Ferry entre Kumai et Semarang<\/strong> dans des conditions hardos<\/li>\n<\/ul>\n<h2>En transit au Nord de Java<\/h2>\n<p><strong>Une journ\u00e9e<\/strong> <em>(19 mars)<\/em><\/p>\n<p>R\u00e9gion oubli\u00e9e des guides touristiques, \u00e0 raison.<\/p>\n<ul>\n<li><strong>Semarang<\/strong><\/li>\n<li><strong>En train dans les plaines du Nord<\/strong><\/li>\n<\/ul>\n<h2>Jakarta la capitale contrast\u00e9e<\/h2>\n<p><strong>Quatre jours<\/strong> <em>(20 au 23 mars)<\/em><\/p>\n<p>La capitale Jakarta, perdue entre ultra-modernit\u00e9 et quartiers d\u00e9sh\u00e9rit\u00e9s. Les contrastes sont \u00e9tonnants.<\/p>\n<ul>\n<li><strong>Jakarta<\/strong><\/li>\n<li><strong>Vivre comme un expat&#8217;<\/strong><\/li>\n<li><strong>Echapp\u00e9e \u00e0 Bogor<\/strong> et son grand jardin<\/li>\n<\/ul>\n<h2>Au revoir l&#8217;Indon\u00e9sie<\/h2>\n<p><strong>Deux jours<\/strong> <em>(24 et 25 mars)<\/em><\/p>\n<p>Croisi\u00e8re tranquille de Jakarta \u00e0 Batam puis Singapour, pour quitter l&#8217;Indon\u00e9sie lentement.<\/p>\n<ul>\n<li><strong>Une croisi\u00e8re incroyable<\/strong><\/li>\n<li><strong>Batam<\/strong> l&#8217;inint\u00e9ressante<\/li>\n<\/ul>\n","protected":false},"excerpt":{"rendered":"<p>Cet \u00e9norme pays est bien trop grand pour avoir le temps de le parcourir sans prendre l&#8217;avion, avec un visa touriste. Petit r\u00e9sum\u00e9 de ce passage \u00e0 Bali, Java et Born\u00e9o (Kalimantan). Ubud et ses alentours Quatre jours (1er au <a class=\"more-link\" href=\"https:\/\/worldsways.org\/website\/indonesie\/\">(Poursuivre)<\/a><\/p>\n","protected":false},"author":2,"featured_media":0,"parent":0,"menu_order":0,"comment_status":"closed","ping_status":"closed","template":"","meta":{"footnotes":""},"class_list":["post-709","page","type-page","status-publish","hentry"],"_links":{"self":[{"href":"https:\/\/worldsways.org\/website\/wp-json\/wp\/v2\/pages\/709","targetHints":{"allow":["GET"]}}],"collection":[{"href":"https:\/\/worldsways.org\/website\/wp-json\/wp\/v2\/pages"}],"about":[{"href":"https:\/\/worldsways.org\/website\/wp-json\/wp\/v2\/types\/page"}],"author":[{"embeddable":true,"href":"https:\/\/worldsways.org\/website\/wp-json\/wp\/v2\/users\/2"}],"replies":[{"embeddable":true,"href":"https:\/\/worldsways.org\/website\/wp-json\/wp\/v2\/comments?post=709"}],"version-history":[{"count":4,"href":"https:\/\/worldsways.org\/website\/wp-json\/wp\/v2\/pages\/709\/revisions"}],"predecessor-version":[{"id":969,"href":"https:\/\/worldsways.org\/website\/wp-json\/wp\/v2\/pages\/709\/revisions\/969"}],"wp:attachment":[{"href":"https:\/\/worldsways.org\/website\/wp-json\/wp\/v2\/media?parent=709"}],"curies":[{"name":"wp","href":"https:\/\/api.w.org\/{rel}","templated":true}]}}