{"id":251,"date":"2018-01-19T10:05:54","date_gmt":"2018-01-18T22:05:54","guid":{"rendered":"https:\/\/worldsways.org\/website\/?page_id=251"},"modified":"2018-03-29T17:19:51","modified_gmt":"2018-03-29T05:19:51","slug":"annee-nz-sud","status":"publish","type":"page","link":"https:\/\/worldsways.org\/website\/annee-nz-sud\/","title":{"rendered":"Une ann\u00e9e en Nouvelle-Z\u00e9lande &#8211; \u00cele du Sud"},"content":{"rendered":"<p>Neuf mois \u00e0 arpenter l&#8217;\u00eele du Sud dans ses moindres recoins.<\/p>\n<h2>L&#8217;aventure commence<\/h2>\n<p><strong>21 janvier 2017<\/strong><\/p>\n<p>Apr\u00e8s la longue pr\u00e9paration, les au revoir, je rejoins ma premi\u00e8re destination en avion : la Nouvelle-Z\u00e9lande ! Plus de 24 heures plus tard, je pose les pieds sur le tarmac de Christchurch heureux d&#8217;enlever les pulls en plein mois de janvier.<\/p>\n<h2>Backpacker \u00e0 Christchurch<\/h2>\n<p><strong>Huit jours<\/strong>  <em>(23 janvier &#8211; 31 janvier)<\/em><\/p>\n<p>D\u00e9couverte de la vie kiwie, \u00e0 arpenter les rues de la ville, ses mus\u00e9es et parcs, et aussi les locaux de l&#8217;administration.<\/p>\n<h2>Wwoofing dans une famille Kiwie<\/h2>\n<p><strong>Une semaine<\/strong> <em>(1er f\u00e9vrier &#8211; 8 f\u00e9vrier)<\/em><\/p>\n<p>Immersion dans une famille bien kiwie en banlieue de Christchurch.<\/p>\n<h2>Wwoofing dans un vignoble bio<\/h2>\n<p><strong>Quatre semaines<\/strong> <em>(9 f\u00e9vrier &#8211; 5 mars)<\/em><\/p>\n<p>Je m&#8217;\u00e9l\u00e8ve sur les collines de Christchurch pour travailler dans des vignes bio, h\u00e9berg\u00e9 par une famille Kiwie dans une magnifique maison \u00e9co-con\u00e7ue.<\/p>\n<h2>J&#8217;ai un van ! au boulot<\/h2>\n<p><strong>Un mois<\/strong> <em>(26 f\u00e9vrier &#8211; 24 mars)<\/em><\/p>\n<p>Apr\u00e8s moultes visites et h\u00e9sitations, mon compte en banque en prend un coup mais c&#8217;est pour la bonne cause : j&#8217;ai un super van \u00e0 retaper !<\/p>\n<h2>Atelier de menuiserie collaboratif<\/h2>\n<p><strong>Trois semaines<\/strong> <em>(8 mars &#8211; 24 mars)<\/em><\/p>\n<p>Nouveau membre de la troupe des Men&#8217;s Shed, je profite du bel atelier de menuiserie pour retaper enti\u00e8rement l&#8217;int\u00e9rieur du van.<\/p>\n<h2>Kaikoura et Hamner Springs<\/h2>\n<p><strong>Une semaine<\/strong> <em>(25 mars &#8211; 3 avril)<\/em><\/p>\n<p>\u00c7a y est le road trip commence ! La maison roulante va \u00eatre mise \u00e0 l&#8217;\u00e9preuve.<\/p>\n<ul>\n<li><strong>Kaikoura<\/strong>, ses dauphins, sa rando \u00e9pique, ses premi\u00e8res parties de p\u00eache, les premi\u00e8res sandflies.<\/li>\n<li><strong>Hamner Springs<\/strong>, ses thermes, ses paysages Seigneurs des Anneauxesques, sa rando v\u00e9lo.<\/li>\n<\/ul>\n<h2>Akaroa Peninsula<\/h2>\n<p><strong>Petite semaine<\/strong> <em>(8 avril &#8211; 12 avril)<\/em><\/p>\n<p>Apr\u00e8s une br\u00e8ve pause technique \u00e0 Christchurch (et surtout \u00e0 cause de la m\u00e9t\u00e9o), c&#8217;est reparti, avec ma nouvelle compagne de voyage Camille.<\/p>\n<ul>\n<li><strong>Akaroa<\/strong>, son ambiance coloniale \u00e0 la fran\u00e7aise, ses magnifiques points de vue<\/li>\n<li><strong>Akaroa Peninsula<\/strong>, ses for\u00eats prot\u00e9g\u00e9es et cascades, sa route en balcon incroyable, ses langues de mer<\/li>\n<\/ul>\n<h2>En route vers le centre de l&#8217;\u00eele du Sud<\/h2>\n<p><strong>Trois jours<\/strong> <em>(14 avril &#8211; 17 avril)<\/em><\/p>\n<p>Apr\u00e8s une nouvelle pause \u00e0 cause de la m\u00e9t\u00e9o, il est temps de dire adieu \u00e0 Christchurch et s&#8217;enfoncer dans les terres et les hauteurs !<\/p>\n<ul>\n<li><strong>Mount Sunday<\/strong><\/li>\n<li><strong>Rakiura Gorges<\/strong><\/li>\n<li><strong>Lac Opuha<\/strong><\/li>\n<\/ul>\n<h2>Les fameux immenses lacs bleus et le plus haut sommet du pays<\/h2>\n<p><strong>Petite semaine<\/strong> <em>(17 avril &#8211; 23 avril)<\/em><\/p>\n<ul>\n<li><strong>Tekapo<\/strong><\/li>\n<li><strong>Pukaki<\/strong><\/li>\n<li><strong>Aoraki<\/strong>, rebaptis\u00e9 Mount Cook par les Pakehas.<\/li>\n<\/ul>\n<h2>La belle Wanaka et ses montagnes<\/h2>\n<p><strong>Trois jours<\/strong> <em>(24 avril &#8211; 26 avril)<\/em><\/p>\n<ul>\n<li><strong>Wanaka<\/strong><\/li>\n<li><strong>Parc national Mt Aspiring<\/strong><\/li>\n<\/ul>\n<h2>A travers la campagne profonde<\/h2>\n<p><strong>Deux jours<\/strong> <em>(27 avril &#8211; 29 avril)<\/em><\/p>\n<ul>\n<li><strong>St Bathans<\/strong><\/li>\n<li><strong>Hays Engineering<\/strong><\/li>\n<li><strong>Maoraki Boulders<\/strong><\/li>\n<\/ul>\n<h2>Dunedin la dynamique et sa p\u00e9ninsule sauvage<\/h2>\n<p><strong>Grossse semaine<\/strong> <em>(29 avril &#8211; 9 mai)<\/em><\/p>\n<ul>\n<li><strong>Dunedin<\/strong><\/li>\n<li><strong>Otago Peninsula<\/strong><\/li>\n<\/ul>\n<h2>Les Catlins oubli\u00e9es vers l&#8217;extr\u00eame Sud<\/h2>\n<p><strong>Une semaine<\/strong> <em>(10 mai &#8211; 17 mai)<\/em><\/p>\n<h2>Invercargill la capitale du Sud<\/h2>\n<p><strong>Petite semaine<\/strong> <em>(18 mai &#8211; 22 mai)<\/em><\/p>\n<ul>\n<li><strong>Invercargill<\/strong><\/li>\n<li><strong>Bluff<\/strong><\/li>\n<li><strong>Riverton<\/strong><\/li>\n<\/ul>\n<h2>Wwoofing au Last Light Lodge (saison 1)<\/h2>\n<p><strong>Deux semaines<\/strong> <em>(22 mai &#8211; 4 juin)<\/em><\/p>\n<ul>\n<li><strong>Gemstone beach<\/strong><\/li>\n<li><strong>Lac Hauroko<\/strong><\/li>\n<\/ul>\n<h2>Rebelotte<\/h2>\n<p><strong>Deux semaines<\/strong> <em>(5 juin &#8211; 18 juin)<\/em><\/p>\n<p>Le voyage \u00e0 deux reprend avec l&#8217;arriv\u00e9e d&#8217;Emilie depuis l&#8217;Australie !<\/p>\n<ul>\n<li><strong>Dunedin<\/strong><\/li>\n<li><strong>Otago Peninsula<\/strong><\/li>\n<li><strong>Catlins<\/strong><\/li>\n<li><strong>Invercargill &amp; Bluff<\/strong><\/li>\n<\/ul>\n<h2>Wwoofing au Last Light Lodge (saison 2) et alentours de Tuatapere<\/h2>\n<p><strong>Six semaines et demie<\/strong> <em>(18 juin &#8211; 2 ao\u00fbt)<\/em><\/p>\n<ul>\n<li><strong>Tuatapere<\/strong><\/li>\n<li><strong>Monkey Island<\/strong><\/li>\n<li><strong>Cosy Nook<\/strong><\/li>\n<li><strong>Gemstone Beach<\/strong><\/li>\n<li><strong>Clifden Cave<\/strong><\/li>\n<li><strong>Blue cliffs<\/strong><\/li>\n<\/ul>\n<h2>Le parc national du Fiordland<\/h2>\n<p><strong>Une semaine<\/strong> <em>(2 ao\u00fbt &#8211; 8 ao\u00fbt)<\/em><\/p>\n<ul>\n<li><strong>Lac Hauroko<\/strong><\/li>\n<li><strong>Lac Monowai<\/strong><\/li>\n<li><strong>Lac Manapouri<\/strong><\/li>\n<li><strong>Te Anau<\/strong><\/li>\n<li><strong>Milford Sounds<\/strong><\/li>\n<li><strong>Routeburn Great Walk<\/strong><\/li>\n<\/ul>\n<h2>Queenstown la sportive, et les montagnes du bout du lac<\/h2>\n<p><strong>Grosse semaine<\/strong> <em>(9 ao\u00fbt &#8211; 19 ao\u00fbt ; 24 ao\u00fbt ; 20 septembre)<\/em><\/p>\n<ul>\n<li><strong>Queenstown<\/strong><\/li>\n<li><strong>Arrowtown<\/strong><\/li>\n<li><strong>Head of the lake<\/strong><\/li>\n<\/ul>\n<h2>Wanaka, le retour<\/h2>\n<p><strong>Une semaine<\/strong> <em>(19 ao\u00fbt &#8211; 23 ao\u00fbt ; 11 septembre)<\/em><\/p>\n<ul>\n<li><strong>Wanaka<\/strong><\/li>\n<li><strong>Matukituki Valley<\/strong><\/li>\n<li><strong>Roy&#8217;s Peak<\/strong><\/li>\n<li><strong>Ski de fond \u00e0 la snow farm<\/strong><\/li>\n<li><strong>Ishmus Peak<\/strong><\/li>\n<li><strong>Lake Hawea<\/strong><\/li>\n<\/ul>\n<h2>Wwoofing dans un centre de retraite spirituelle \u00e0 la montagne<\/h2>\n<p><strong>Trois semaines<\/strong> <em>(25 ao\u00fbt &#8211; 2 septembre; 6 septembre &#8211; 19 septembre)<\/em><\/p>\n<h2>Les lacs bleus et Mt Cook, on y retourne !<\/h2>\n<p><strong>Trois jours<\/strong> <em>(3 septembre &#8211; 5 septembre)<\/em><\/p>\n<h2>Croisi\u00e8re dans le Doubtful Sound<\/h2>\n<p><strong>24 heures de bonheur<\/strong> <em>(21 septembre &#8211; 22 septembre)<\/em><\/p>\n<h2>Sud de la c\u00f4te Ouest<\/h2>\n<p><strong>Quatre jours<\/strong> <em>(25 septembre &#8211; 28 septembre)<\/em><\/p>\n<ul>\n<li><strong>Haast Pass<\/strong><\/li>\n<li><strong>Sud des glaciers<\/strong><\/li>\n<li><strong>Fox Glacier<\/strong><\/li>\n<li><strong>Franz Joseph Glacier<\/strong><\/li>\n<li><strong>Okarito<\/strong><\/li>\n<\/ul>\n<h2>Hokitika l&#8217;artisane et ses paysages sauvages<\/h2>\n<p><strong>Trois jours<\/strong> <em>(29 septembre &#8211; 1er octobre)<\/em><\/p>\n<ul>\n<li><strong>Hokitika<\/strong><\/li>\n<li><strong>Hokitika gorge<\/strong><\/li>\n<li><strong>Lac Kaniere<\/strong><\/li>\n<\/ul>\n<h2>Nord de la c\u00f4te Ouest<\/h2>\n<p><strong>Petite semaine<\/strong> <em>(2 octobre &#8211; 7 octobre)<\/em><\/p>\n<ul>\n<li><strong>Punakaki<\/strong><\/li>\n<li><strong>Greymouth<\/strong><\/li>\n<li><strong>Westport<\/strong><\/li>\n<li><strong>Karamea<\/strong><\/li>\n<li><strong>Buller Gorge<\/strong><\/li>\n<\/ul>\n<h2>Nelson la paisible<\/h2>\n<p><strong>Petite semaine<\/strong> <em>(7 octobre &#8211; 10 octobre ; 19-20 octobre)<\/em><\/p>\n<ul>\n<li><strong>Route vers Nelson<\/strong><\/li>\n<li><strong>Nelson<\/strong><\/li>\n<\/ul>\n<h2>Takaka la hippie et les eaux \u00e9meraudes du parc Abel Tasman<\/h2>\n<p><strong>Cinq jours<\/strong> <em>(11 octobre &#8211; 13 octobre ; 17 octobre &#8211; 18 octobre)<\/em><\/p>\n<ul>\n<li><strong>Takaka<\/strong><\/li>\n<li><strong>Taupo Point<\/strong><\/li>\n<li><strong>Autour de Takaka<\/strong><\/li>\n<li><strong>Kayak et randonn\u00e9e itin\u00e9rants<\/strong><\/li>\n<\/ul>\n<h2>L&#8217;extr\u00eame Nord de l&#8217;\u00eele<\/h2>\n<p><strong>Trois jours<\/strong> <em>(14 octobre &#8211; 16 octobre)<\/em><\/p>\n<ul>\n<li><strong>Farewell Spit<\/strong><\/li>\n<li><strong>Estuaire de Whanganui<\/strong><\/li>\n<\/ul>\n<h2>Les tentaculaires collines des Marlborough Sounds<\/h2>\n<p><strong>Trois jours<\/strong> <em>(20 octobre &#8211; 23 octobre)<\/em><\/p>\n<ul>\n<li><strong><a href=\"https:\/\/worldsways.org\/website\/journal-de-voyage\/marlborough\/\">Marlborough Sounds<\/a><\/strong>, arriv\u00e9e dans un oc\u00e9an de nature<\/li>\n<li><strong><a href=\"https:\/\/worldsways.org\/website\/journal-de-voyage\/frenchpass\/\">French Pass<\/a><\/strong>, tentacules et tourbillons<\/li>\n<li><strong><a href=\"https:\/\/worldsways.org\/website\/journal-de-voyage\/elayne-bay-archers-track\/\">Elaine Bay et Archer&#8217;s Track<\/a><\/strong>, une journ\u00e9e bien Kiwie<\/li>\n<li><strong>Route vers Picton<\/strong><\/li>\n<\/ul>\n<h2>Vers l&#8217;\u00eele du Nord !<\/h2>\n<p><strong>24 octobre<\/strong><\/p>\n<ul>\n<li><strong>Travers\u00e9e vers Wellington<\/strong><\/li>\n<\/ul>\n<p>&#8230; A suivre pour le <a href=\"https:\/\/worldsways.org\/website\/annee-nz-nord\/\">Nord<\/a> !<\/p>\n","protected":false},"excerpt":{"rendered":"<p>Neuf mois \u00e0 arpenter l&#8217;\u00eele du Sud dans ses moindres recoins. L&#8217;aventure commence 21 janvier 2017 Apr\u00e8s la longue pr\u00e9paration, les au revoir, je rejoins ma premi\u00e8re destination en avion : la Nouvelle-Z\u00e9lande ! Plus de 24 heures plus tard, <a class=\"more-link\" href=\"https:\/\/worldsways.org\/website\/annee-nz-sud\/\">(Poursuivre)<\/a><\/p>\n","protected":false},"author":2,"featured_media":0,"parent":0,"menu_order":0,"comment_status":"closed","ping_status":"closed","template":"","meta":{"footnotes":""},"class_list":["post-251","page","type-page","status-publish","hentry"],"_links":{"self":[{"href":"https:\/\/worldsways.org\/website\/wp-json\/wp\/v2\/pages\/251","targetHints":{"allow":["GET"]}}],"collection":[{"href":"https:\/\/worldsways.org\/website\/wp-json\/wp\/v2\/pages"}],"about":[{"href":"https:\/\/worldsways.org\/website\/wp-json\/wp\/v2\/types\/page"}],"author":[{"embeddable":true,"href":"https:\/\/worldsways.org\/website\/wp-json\/wp\/v2\/users\/2"}],"replies":[{"embeddable":true,"href":"https:\/\/worldsways.org\/website\/wp-json\/wp\/v2\/comments?post=251"}],"version-history":[{"count":8,"href":"https:\/\/worldsways.org\/website\/wp-json\/wp\/v2\/pages\/251\/revisions"}],"predecessor-version":[{"id":708,"href":"https:\/\/worldsways.org\/website\/wp-json\/wp\/v2\/pages\/251\/revisions\/708"}],"wp:attachment":[{"href":"https:\/\/worldsways.org\/website\/wp-json\/wp\/v2\/media?parent=251"}],"curies":[{"name":"wp","href":"https:\/\/api.w.org\/{rel}","templated":true}]}}