{"id":20,"date":"2017-02-04T22:06:53","date_gmt":"2017-02-04T09:06:53","guid":{"rendered":"http:\/\/www.worldsways.org\/website\/?page_id=20"},"modified":"2025-05-06T12:00:12","modified_gmt":"2025-05-06T10:00:12","slug":"accueil","status":"publish","type":"page","link":"https:\/\/worldsways.org\/website\/","title":{"rendered":"\u00b0Oo. Bienvenue .oO\u00b0"},"content":{"rendered":"<blockquote><p>\n  Apr\u00e8s mon voyage personnel en 2017 en Nouvelle-Z\u00e9lande, puis \u00e0 2 entre la Nouvelle-Z\u00e9lande et l&#8217;Asie en 2017-2018, voici notre premier <a class=\"wp-editor-md-post-content-link\" href=\"https:\/\/worldsways.org\/website\/tag\/voyage-europe-2025\/\">long voyage \u00e0 3 \u00e0 travers l&#8217;Europe<\/a> !\n<\/p><\/blockquote>\n<p>Ways, voies et chemins, l\u00e0 o\u00f9 nos sacs sont pass\u00e9s, se sont pos\u00e9s ou m\u00eame repos\u00e9s.<br \/>\nNotre voyage c&#8217;est le mouvement, la d\u00e9couverte, les rencontres, et la perp\u00e9tuelle remise en question. Et bien s\u00fbr l&#8217;envie de vous le partager \ud83e\udef6<\/p>\n<p>Bonne exploration \ud83d\uddfa\ufe0f<\/p>\n<ul>\n<li>\ud83d\udcdc <strong><a class=\"wp-editor-md-post-content-link\" href=\"https:\/\/worldsways.org\/website\/category\/journal-de-voyage\/\">Journal de voyage<\/a><\/strong> : p\u00e9r\u00e9grinations de voyageurs autour du monde, qui ont fait le choix de voyager lentement et sans avion<\/li>\n<li>\u2728 <strong>Ways of life &amp; Ways of thinking<\/strong> : us et coutumes, et fa\u00e7ons d&#8217;agir et de penser rencontr\u00e9es sur ma route<\/li>\n<li>\ud83c\udf31 <strong><a class=\"wp-editor-md-post-content-link\" href=\"https:\/\/worldsways.org\/website\/eco-initiatives\/\">Sustainable ways<\/a><\/strong> &#8211; Initiatives de vie soutenable<\/li>\n<li>\ud83e\udded <strong>Walkways &amp; cycleways<\/strong> &#8211; Chemins et sentiers : des topos de randonn\u00e9es \u00e0 pieds ou \u00e0 v\u00e9lo<\/li>\n<li>\ud83e\ude84 <strong><a class=\"wp-editor-md-post-content-link\" href=\"https:\/\/worldsways.org\/website\/category\/conseils-de-voyageur\/\">Ways of travelling<\/a><\/strong> &#8211; Fa\u00e7ons de voyager : des infos, trucs et astuces d&#8217;un voyageur<\/li>\n<\/ul>\n<p>Pour en savoir plus sur les auteur\u22c5ices, vous pouvez jeter un \u0153il \u00e0 la page <strong><a class=\"wp-editor-md-post-content-link\" href=\"https:\/\/worldsways.org\/website\/a-propos-de-lauteur\/\">&#8220;A propos&#8221;<\/a><\/strong>.<\/p>\n","protected":false},"excerpt":{"rendered":"<p>Apr\u00e8s mon voyage personnel en 2017 en Nouvelle-Z\u00e9lande, puis \u00e0 2 entre la Nouvelle-Z\u00e9lande et l&#8217;Asie en 2017-2018, voici notre premier long voyage \u00e0 3 \u00e0 travers l&#8217;Europe ! Ways, voies et chemins, l\u00e0 o\u00f9 nos sacs sont pass\u00e9s, se <a class=\"more-link\" href=\"https:\/\/worldsways.org\/website\/\">(Poursuivre)<\/a><\/p>\n","protected":false},"author":2,"featured_media":0,"parent":0,"menu_order":0,"comment_status":"closed","ping_status":"closed","template":"","meta":{"footnotes":""},"class_list":["post-20","page","type-page","status-publish","hentry"],"_links":{"self":[{"href":"https:\/\/worldsways.org\/website\/wp-json\/wp\/v2\/pages\/20","targetHints":{"allow":["GET"]}}],"collection":[{"href":"https:\/\/worldsways.org\/website\/wp-json\/wp\/v2\/pages"}],"about":[{"href":"https:\/\/worldsways.org\/website\/wp-json\/wp\/v2\/types\/page"}],"author":[{"embeddable":true,"href":"https:\/\/worldsways.org\/website\/wp-json\/wp\/v2\/users\/2"}],"replies":[{"embeddable":true,"href":"https:\/\/worldsways.org\/website\/wp-json\/wp\/v2\/comments?post=20"}],"version-history":[{"count":20,"href":"https:\/\/worldsways.org\/website\/wp-json\/wp\/v2\/pages\/20\/revisions"}],"predecessor-version":[{"id":1037,"href":"https:\/\/worldsways.org\/website\/wp-json\/wp\/v2\/pages\/20\/revisions\/1037"}],"wp:attachment":[{"href":"https:\/\/worldsways.org\/website\/wp-json\/wp\/v2\/media?parent=20"}],"curies":[{"name":"wp","href":"https:\/\/api.w.org\/{rel}","templated":true}]}}